{"id":1664,"date":"2024-01-07T15:43:22","date_gmt":"2024-01-07T15:43:22","guid":{"rendered":"https:\/\/petsoffice.cultark.net\/index.php\/product\/73658\/"},"modified":"2024-01-07T19:20:03","modified_gmt":"2024-01-07T19:20:03","slug":"73658","status":"publish","type":"product","link":"https:\/\/petsoffice.cultark.net\/index.php\/product\/73658\/","title":{"rendered":"73658 Display stand for Dog stainless steel bowls"},"content":{"rendered":"<p>\u2022 Hammerschlag-Lack \/ hammer effect lacquer<\/p>\n<p>\u2022 best\u00fcckbar mit 144 Standard-Edelstahln\u00e4pfen \/<\/p>\n<p>be equipped with 144 standard stainless steel bowls<\/p>\n<p>\u2022 universell einsetzbar, da N\u00e4pfe gestellt oder<\/p>\n<p>eingeh\u00e4ngt werden k\u00f6nnen \/<\/p>\n<p>all-purpose, bowls can be placed or hung<\/p>\n<p>\u2022 H\u00f6he \/ hight: 112 cm<\/p>\n<p>Grundfl\u00e4che \/ base size: 48 x 30 cm<\/p>\n","protected":false},"excerpt":{"rendered":"<p>\u2022 Hammerschlag-Lack \/ hammer effect lacquer \u2022 best\u00fcckbar mit 144 Standard-Edelstahln\u00e4pfen \/ be equipped with 144 standard stainless steel bowls \u2022 universell einsetzbar, da N\u00e4pfe gestellt oder eingeh\u00e4ngt werden k\u00f6nnen \/ all-purpose, bowls can be placed or hung \u2022 H\u00f6he \/ hight: 112 cm Grundfl\u00e4che \/ base size: 48 x 30 cm<\/p>\n","protected":false},"featured_media":0,"comment_status":"open","ping_status":"closed","template":"","meta":[],"product_cat":[15],"product_tag":[17],"_links":{"self":[{"href":"https:\/\/petsoffice.cultark.net\/index.php\/wp-json\/wp\/v2\/product\/1664"}],"collection":[{"href":"https:\/\/petsoffice.cultark.net\/index.php\/wp-json\/wp\/v2\/product"}],"about":[{"href":"https:\/\/petsoffice.cultark.net\/index.php\/wp-json\/wp\/v2\/types\/product"}],"replies":[{"embeddable":true,"href":"https:\/\/petsoffice.cultark.net\/index.php\/wp-json\/wp\/v2\/comments?post=1664"}],"wp:attachment":[{"href":"https:\/\/petsoffice.cultark.net\/index.php\/wp-json\/wp\/v2\/media?parent=1664"}],"wp:term":[{"taxonomy":"product_cat","embeddable":true,"href":"https:\/\/petsoffice.cultark.net\/index.php\/wp-json\/wp\/v2\/product_cat?post=1664"},{"taxonomy":"product_tag","embeddable":true,"href":"https:\/\/petsoffice.cultark.net\/index.php\/wp-json\/wp\/v2\/product_tag?post=1664"}],"curies":[{"name":"wp","href":"https:\/\/api.w.org\/{rel}","templated":true}]}}