{"id":2338,"date":"2024-01-07T16:26:41","date_gmt":"2024-01-07T16:26:41","guid":{"rendered":"https:\/\/petsoffice.cultark.net\/index.php\/product\/78563\/"},"modified":"2024-01-07T19:51:55","modified_gmt":"2024-01-07T19:51:55","slug":"78563","status":"publish","type":"product","link":"https:\/\/petsoffice.cultark.net\/index.php\/product\/78563\/","title":{"rendered":"78563 NOBBY Hip Belt &#8220;Walk&#8221; Bag: 43 19 cm; Gurt: 90-120 cm"},"content":{"rendered":"<p>\u2022 praktische Nylontasche mit viel Platz f\u00fcr Utensilien \/<\/p>\n<p>practical nylon bag with plenty of space for utensils<\/p>\n<p>\u2022 6 Rei\u00dfverschlusstaschen, 5 vorne und eine gro\u00dfe hinten<\/p>\n<p>(\u00fcber die gesamte L\u00e4nge der Tasche) \/ 6 zipper pockets, 5 front pockets<\/p>\n<p>and one big pocket on the back (over the entire length of the bag)<\/p>\n<p>\u2022 ausgestattet mit einer Wasserflasche und faltbarem Kunststoffpocketnapf<\/p>\n<p>\/ equipped with a water bottle and plastic foldable bowl<\/p>\n<p>\u2022 Metallringe am Gurt erm\u00f6glichen das Befestigen von Accessoires \/<\/p>\n<p>metal rings on the belt allow you to attach accessories<\/p>\n<p>\u2022 mit gut sichtbaren breiten Reflektorstreifen \/<\/p>\n<p>with highly visible wide reflective stripes<\/p>\n<p>\u2022 H\u00fcftgurt verstellbar von 90-120 cm \/<\/p>\n<p>belt adjustable waist from 90-123 cm<\/p>\n<p>\u2022 Gr\u00f6\u00dfe Tasche \/ size bag: 43 x 19 cm<\/p>\n","protected":false},"excerpt":{"rendered":"<p>\u2022 praktische Nylontasche mit viel Platz f\u00fcr Utensilien \/ practical nylon bag with plenty of space for utensils \u2022 6 Rei\u00dfverschlusstaschen, 5 vorne und eine gro\u00dfe hinten (\u00fcber die gesamte L\u00e4nge der Tasche) \/ 6 zipper pockets, 5 front pockets and one big pocket on the back (over the entire length of the bag) \u2022 [&hellip;]<\/p>\n","protected":false},"featured_media":0,"comment_status":"open","ping_status":"closed","template":"","meta":[],"product_cat":[15],"product_tag":[181,183],"_links":{"self":[{"href":"https:\/\/petsoffice.cultark.net\/index.php\/wp-json\/wp\/v2\/product\/2338"}],"collection":[{"href":"https:\/\/petsoffice.cultark.net\/index.php\/wp-json\/wp\/v2\/product"}],"about":[{"href":"https:\/\/petsoffice.cultark.net\/index.php\/wp-json\/wp\/v2\/types\/product"}],"replies":[{"embeddable":true,"href":"https:\/\/petsoffice.cultark.net\/index.php\/wp-json\/wp\/v2\/comments?post=2338"}],"wp:attachment":[{"href":"https:\/\/petsoffice.cultark.net\/index.php\/wp-json\/wp\/v2\/media?parent=2338"}],"wp:term":[{"taxonomy":"product_cat","embeddable":true,"href":"https:\/\/petsoffice.cultark.net\/index.php\/wp-json\/wp\/v2\/product_cat?post=2338"},{"taxonomy":"product_tag","embeddable":true,"href":"https:\/\/petsoffice.cultark.net\/index.php\/wp-json\/wp\/v2\/product_tag?post=2338"}],"curies":[{"name":"wp","href":"https:\/\/api.w.org\/{rel}","templated":true}]}}