{"id":2773,"date":"2024-01-07T16:54:56","date_gmt":"2024-01-07T16:54:56","guid":{"rendered":"https:\/\/petsoffice.cultark.net\/index.php\/product\/80635-01\/"},"modified":"2024-01-07T20:12:37","modified_gmt":"2024-01-07T20:12:37","slug":"80635-01","status":"publish","type":"product","link":"https:\/\/petsoffice.cultark.net\/index.php\/product\/80635-01\/","title":{"rendered":"80635-01 NOBBY Leash with traffic Loop &#8220;Classic Preno Royal&#8221; red L: 120 cm; W: 25\/35 mm"},"content":{"rendered":"<p>\u2022 Metallteile matt silber \/ metal parts matt silver<\/p>\n<p>\u2022 weicher Griff durch Neoprenfutter \/ soft grip by neoprene lining<\/p>\n<p>\u2022 Leinen in Gr\u00f6\u00dfe L-XL mit integriertem Kurzf\u00fchrer \/<\/p>\n<p>leashes in size L-XL with integrated traffic loo<\/p>\n","protected":false},"excerpt":{"rendered":"<p>\u2022 Metallteile matt silber \/ metal parts matt silver \u2022 weicher Griff durch Neoprenfutter \/ soft grip by neoprene lining \u2022 Leinen in Gr\u00f6\u00dfe L-XL mit integriertem Kurzf\u00fchrer \/ leashes in size L-XL with integrated traffic loo<\/p>\n","protected":false},"featured_media":0,"comment_status":"open","ping_status":"closed","template":"","meta":[],"product_cat":[15],"product_tag":[384],"_links":{"self":[{"href":"https:\/\/petsoffice.cultark.net\/index.php\/wp-json\/wp\/v2\/product\/2773"}],"collection":[{"href":"https:\/\/petsoffice.cultark.net\/index.php\/wp-json\/wp\/v2\/product"}],"about":[{"href":"https:\/\/petsoffice.cultark.net\/index.php\/wp-json\/wp\/v2\/types\/product"}],"replies":[{"embeddable":true,"href":"https:\/\/petsoffice.cultark.net\/index.php\/wp-json\/wp\/v2\/comments?post=2773"}],"wp:attachment":[{"href":"https:\/\/petsoffice.cultark.net\/index.php\/wp-json\/wp\/v2\/media?parent=2773"}],"wp:term":[{"taxonomy":"product_cat","embeddable":true,"href":"https:\/\/petsoffice.cultark.net\/index.php\/wp-json\/wp\/v2\/product_cat?post=2773"},{"taxonomy":"product_tag","embeddable":true,"href":"https:\/\/petsoffice.cultark.net\/index.php\/wp-json\/wp\/v2\/product_tag?post=2773"}],"curies":[{"name":"wp","href":"https:\/\/api.w.org\/{rel}","templated":true}]}}