{"id":475,"date":"2024-01-07T14:28:18","date_gmt":"2024-01-07T14:28:18","guid":{"rendered":"https:\/\/petsoffice.cultark.net\/index.php\/product\/60447\/"},"modified":"2024-01-07T18:19:38","modified_gmt":"2024-01-07T18:19:38","slug":"60447","status":"publish","type":"product","link":"https:\/\/petsoffice.cultark.net\/index.php\/product\/60447\/","title":{"rendered":"60447 NOBBY Latex Duck 18 cm"},"content":{"rendered":"<p>\u2022 B\u00e4r und Ente (mit Pl\u00fcschfl\u00fcgeln)\/ bear and duck (with plush wings)<\/p>\n<p>\u2022 mit F\u00fcllung und Squeaker \/<\/p>\n<p>with filling and squeaker<\/p>\n","protected":false},"excerpt":{"rendered":"<p>\u2022 B\u00e4r und Ente (mit Pl\u00fcschfl\u00fcgeln)\/ bear and duck (with plush wings) \u2022 mit F\u00fcllung und Squeaker \/ with filling and squeaker<\/p>\n","protected":false},"featured_media":0,"comment_status":"open","ping_status":"closed","template":"","meta":[],"product_cat":[15],"product_tag":[106],"_links":{"self":[{"href":"https:\/\/petsoffice.cultark.net\/index.php\/wp-json\/wp\/v2\/product\/475"}],"collection":[{"href":"https:\/\/petsoffice.cultark.net\/index.php\/wp-json\/wp\/v2\/product"}],"about":[{"href":"https:\/\/petsoffice.cultark.net\/index.php\/wp-json\/wp\/v2\/types\/product"}],"replies":[{"embeddable":true,"href":"https:\/\/petsoffice.cultark.net\/index.php\/wp-json\/wp\/v2\/comments?post=475"}],"wp:attachment":[{"href":"https:\/\/petsoffice.cultark.net\/index.php\/wp-json\/wp\/v2\/media?parent=475"}],"wp:term":[{"taxonomy":"product_cat","embeddable":true,"href":"https:\/\/petsoffice.cultark.net\/index.php\/wp-json\/wp\/v2\/product_cat?post=475"},{"taxonomy":"product_tag","embeddable":true,"href":"https:\/\/petsoffice.cultark.net\/index.php\/wp-json\/wp\/v2\/product_tag?post=475"}],"curies":[{"name":"wp","href":"https:\/\/api.w.org\/{rel}","templated":true}]}}